{"id":799,"date":"2022-11-07T08:38:14","date_gmt":"2022-11-07T08:38:14","guid":{"rendered":"https:\/\/logistic-tour.com\/?page_id=799"},"modified":"2022-11-07T11:00:22","modified_gmt":"2022-11-07T11:00:22","slug":"mentions-legales","status":"publish","type":"page","link":"https:\/\/logistic-tour.com\/index.php\/mentions-legales\/","title":{"rendered":"Mentions l\u00e9gales"},"content":{"rendered":"\t\t<div data-elementor-type=\"wp-page\" data-elementor-id=\"799\" class=\"elementor elementor-799\" data-elementor-post-type=\"page\">\n\t\t\t\t\t\t<section class=\"elementor-section elementor-top-section elementor-element elementor-element-915a790 elementor-section-boxed elementor-section-height-default elementor-section-height-default wpr-particle-no wpr-jarallax-no wpr-parallax-no wpr-sticky-section-no\" data-id=\"915a790\" data-element_type=\"section\" data-e-type=\"section\">\n\t\t\t\t\t\t<div class=\"elementor-container elementor-column-gap-default\">\n\t\t\t\t\t<div class=\"elementor-column elementor-col-66 elementor-top-column elementor-element elementor-element-76a69a8\" data-id=\"76a69a8\" data-element_type=\"column\" data-e-type=\"column\">\n\t\t\t<div class=\"elementor-widget-wrap elementor-element-populated\">\n\t\t\t\t\t\t<div class=\"elementor-element elementor-element-bd5f5d4 animated-fast elementor-invisible elementor-widget elementor-widget-heading\" data-id=\"bd5f5d4\" data-element_type=\"widget\" data-e-type=\"widget\" data-settings=\"{&quot;_animation&quot;:&quot;fadeInUp&quot;}\" data-widget_type=\"heading.default\">\n\t\t\t\t<div class=\"elementor-widget-container\">\n\t\t\t\t\t<h2 class=\"elementor-heading-title elementor-size-default\">Mentions l\u00e9gales<\/h2>\t\t\t\t<\/div>\n\t\t\t\t<\/div>\n\t\t\t\t<div class=\"elementor-element elementor-element-7f4d3b4 animated-fast elementor-invisible elementor-widget elementor-widget-heading\" data-id=\"7f4d3b4\" data-element_type=\"widget\" data-e-type=\"widget\" data-settings=\"{&quot;_animation&quot;:&quot;fadeInUp&quot;,&quot;_animation_delay&quot;:300}\" data-widget_type=\"heading.default\">\n\t\t\t\t<div class=\"elementor-widget-container\">\n\t\t\t\t\t<h3 class=\"elementor-heading-title elementor-size-default\">Propri\u00e9taire\n<\/h3>\t\t\t\t<\/div>\n\t\t\t\t<\/div>\n\t\t\t\t<div class=\"elementor-element elementor-element-033db62 animated-fast elementor-invisible elementor-widget elementor-widget-text-editor\" data-id=\"033db62\" data-element_type=\"widget\" data-e-type=\"widget\" data-settings=\"{&quot;_animation&quot;:&quot;fadeInUp&quot;}\" data-widget_type=\"text-editor.default\">\n\t\t\t\t<div class=\"elementor-widget-container\">\n\t\t\t\t\t\t\t\t\t<p><b>P\u00f4le d\u2019excellence Euralogistic \/ CCI Artois Hauts-de-France<br \/><\/b>Campus Euralogistic<br \/>Plate-forme multimodale Delta 3<br \/>622 Rue des Hauts-de-France<br \/>62110 H\u00e9nin-Beaumont \u2014 France<\/p><p>T\u00e9l\u00e9phone +(33) 3 21 74 16 12<\/p>\t\t\t\t\t\t\t\t<\/div>\n\t\t\t\t<\/div>\n\t\t\t\t<div class=\"elementor-element elementor-element-a25f296 elementor-widget-divider--view-line elementor-widget elementor-widget-divider\" data-id=\"a25f296\" data-element_type=\"widget\" data-e-type=\"widget\" data-widget_type=\"divider.default\">\n\t\t\t\t<div class=\"elementor-widget-container\">\n\t\t\t\t\t\t\t<div class=\"elementor-divider\">\n\t\t\t<span class=\"elementor-divider-separator\">\n\t\t\t\t\t\t<\/span>\n\t\t<\/div>\n\t\t\t\t\t\t<\/div>\n\t\t\t\t<\/div>\n\t\t\t\t<div class=\"elementor-element elementor-element-ed49f8a animated-fast elementor-invisible elementor-widget elementor-widget-heading\" data-id=\"ed49f8a\" data-element_type=\"widget\" data-e-type=\"widget\" data-settings=\"{&quot;_animation&quot;:&quot;fadeInUp&quot;,&quot;_animation_delay&quot;:300}\" data-widget_type=\"heading.default\">\n\t\t\t\t<div class=\"elementor-widget-container\">\n\t\t\t\t\t<h3 class=\"elementor-heading-title elementor-size-default\">Informations l\u00e9gales<\/h3>\t\t\t\t<\/div>\n\t\t\t\t<\/div>\n\t\t\t\t<div class=\"elementor-element elementor-element-e5ea172 animated-fast elementor-invisible elementor-widget elementor-widget-text-editor\" data-id=\"e5ea172\" data-element_type=\"widget\" data-e-type=\"widget\" data-settings=\"{&quot;_animation&quot;:&quot;fadeInUp&quot;}\" data-widget_type=\"text-editor.default\">\n\t\t\t\t<div class=\"elementor-widget-container\">\n\t\t\t\t\t\t\t\t\t<p><b>Responsable du contenu<\/b> : Laurent Desprez\u00a0\u2014\u00a0<i>l.desprez@euralogistic.com<\/i><br \/><b>Responsable technique :<\/b> Jenny Szoltys \u2014 <i>contact@euralogistic.com<\/i><\/p>\t\t\t\t\t\t\t\t<\/div>\n\t\t\t\t<\/div>\n\t\t\t\t<div class=\"elementor-element elementor-element-7c33889 elementor-widget-divider--view-line elementor-widget elementor-widget-divider\" data-id=\"7c33889\" data-element_type=\"widget\" data-e-type=\"widget\" data-widget_type=\"divider.default\">\n\t\t\t\t<div class=\"elementor-widget-container\">\n\t\t\t\t\t\t\t<div class=\"elementor-divider\">\n\t\t\t<span class=\"elementor-divider-separator\">\n\t\t\t\t\t\t<\/span>\n\t\t<\/div>\n\t\t\t\t\t\t<\/div>\n\t\t\t\t<\/div>\n\t\t\t\t<div class=\"elementor-element elementor-element-1afd372 animated-fast elementor-invisible elementor-widget elementor-widget-heading\" data-id=\"1afd372\" data-element_type=\"widget\" data-e-type=\"widget\" data-settings=\"{&quot;_animation&quot;:&quot;fadeInUp&quot;,&quot;_animation_delay&quot;:300}\" data-widget_type=\"heading.default\">\n\t\t\t\t<div class=\"elementor-widget-container\">\n\t\t\t\t\t<h3 class=\"elementor-heading-title elementor-size-default\">H\u00e9bergeur<\/h3>\t\t\t\t<\/div>\n\t\t\t\t<\/div>\n\t\t\t\t<div class=\"elementor-element elementor-element-f1d71e3 animated-fast elementor-invisible elementor-widget elementor-widget-text-editor\" data-id=\"f1d71e3\" data-element_type=\"widget\" data-e-type=\"widget\" data-settings=\"{&quot;_animation&quot;:&quot;fadeInUp&quot;}\" data-widget_type=\"text-editor.default\">\n\t\t\t\t<div class=\"elementor-widget-container\">\n\t\t\t\t\t\t\t\t\t<p><strong>CCI de R\u00e9gion des Hauts-de-France<\/strong><br \/>299 Boulevard de Leeds \u2014 CS 90028<br \/>59031 Lille Cedex<br \/>T\u00e9l\u00e9phone 03 20 63 79 79<\/p>\t\t\t\t\t\t\t\t<\/div>\n\t\t\t\t<\/div>\n\t\t\t\t<div class=\"elementor-element elementor-element-f9465a2 elementor-widget-divider--view-line elementor-widget elementor-widget-divider\" data-id=\"f9465a2\" data-element_type=\"widget\" data-e-type=\"widget\" data-widget_type=\"divider.default\">\n\t\t\t\t<div class=\"elementor-widget-container\">\n\t\t\t\t\t\t\t<div class=\"elementor-divider\">\n\t\t\t<span class=\"elementor-divider-separator\">\n\t\t\t\t\t\t<\/span>\n\t\t<\/div>\n\t\t\t\t\t\t<\/div>\n\t\t\t\t<\/div>\n\t\t\t\t<div class=\"elementor-element elementor-element-871ee42 animated-fast elementor-invisible elementor-widget elementor-widget-heading\" data-id=\"871ee42\" data-element_type=\"widget\" data-e-type=\"widget\" data-settings=\"{&quot;_animation&quot;:&quot;fadeInUp&quot;,&quot;_animation_delay&quot;:300}\" data-widget_type=\"heading.default\">\n\t\t\t\t<div class=\"elementor-widget-container\">\n\t\t\t\t\t<h3 class=\"elementor-heading-title elementor-size-default\">Politique de confidentialit\u00e9<\/h3>\t\t\t\t<\/div>\n\t\t\t\t<\/div>\n\t\t\t\t<div class=\"elementor-element elementor-element-0168477 animated-fast elementor-invisible elementor-widget elementor-widget-text-editor\" data-id=\"0168477\" data-element_type=\"widget\" data-e-type=\"widget\" data-settings=\"{&quot;_animation&quot;:&quot;fadeInUp&quot;}\" data-widget_type=\"text-editor.default\">\n\t\t\t\t<div class=\"elementor-widget-container\">\n\t\t\t\t\t\t\t\t\t<p>La protection de la vie priv\u00e9e requiert une vigilance accrue. C\u2019est pourquoi, nous nous engageons \u00e0 respecter la confidentialit\u00e9 des renseignements collect\u00e9s.<\/p><p>Nous collectons les renseignements suivants pour confirmer votre venue au Logistic&rsquo;Tour ou vous informer sur le parcours :<\/p><ul><li><em>Pr\u00e9nom<\/em><\/li><li><em>Nom<\/em><\/li><li><em>Adresse \u00e9lectronique<\/em><\/li><li><em>Num\u00e9ro de t\u00e9l\u00e9phone<\/em><\/li><\/ul><div><i>\u00a0<\/i><\/div><p>Les informations collect\u00e9es sont recueillies au travers le formulaire de r\u00e9servation et via votre interactivit\u00e9 \u00e9tablie avec le site Web. Nous utilisons en compl\u00e9ments des cookies pour r\u00e9unir des informations vous concernant.<\/p><p><b>Cookies<\/b><\/p><p>Nous recueillons certaines informations par le biais des cookies pour conna\u00eetre les \u00e9l\u00e9ments suivants :<\/p><ul><li>Adresse IP<\/li><li>Syst\u00e8me d\u2019exploitation<\/li><li>Pages visit\u00e9es et requ\u00eates<\/li><li>Heure et jour de connexion<\/li><li>Dur\u00e9e des pages consult\u00e9es<\/li><\/ul><div>\u00a0<\/div><div>L&rsquo;objectif est de comprendre la mani\u00e8re dont vous naviguez sur le site Web via l&rsquo;analyse des statistiques et vous contacter pour la r\u00e9servation.\u00a0<\/div><div>\u00a0<\/div><div>Nous nous engageons \u00e0 respecter les dispositions l\u00e9gislatives \u00e9nonc\u00e9es dans : <a href=\"https:\/\/www.cnil.fr\/fr\/textes-officiels-europeens-protection-donnees\">https:\/\/www.cnil.fr\/fr\/textes-officiels-europeens-protection-donnees<\/a><\/div><div>\u00a0<\/div><p>\u00a0<\/p>\t\t\t\t\t\t\t\t<\/div>\n\t\t\t\t<\/div>\n\t\t\t\t\t<\/div>\n\t\t<\/div>\n\t\t\t\t<div class=\"elementor-column elementor-col-33 elementor-top-column elementor-element elementor-element-b304065\" data-id=\"b304065\" data-element_type=\"column\" data-e-type=\"column\" data-settings=\"{&quot;background_background&quot;:&quot;classic&quot;}\">\n\t\t\t<div class=\"elementor-widget-wrap elementor-element-populated\">\n\t\t\t\t\t<div class=\"elementor-background-overlay\"><\/div>\n\t\t\t\t\t\t<div class=\"elementor-element elementor-element-4445a8e animated-fast elementor-invisible elementor-widget elementor-widget-heading\" data-id=\"4445a8e\" data-element_type=\"widget\" data-e-type=\"widget\" data-settings=\"{&quot;_animation&quot;:&quot;fadeInUp&quot;}\" data-widget_type=\"heading.default\">\n\t\t\t\t<div class=\"elementor-widget-container\">\n\t\t\t\t\t<h2 class=\"elementor-heading-title elementor-size-default\">D\u00e9couvrir le parcours<\/h2>\t\t\t\t<\/div>\n\t\t\t\t<\/div>\n\t\t\t\t<div class=\"elementor-element elementor-element-fc978bb elementor-align-center elementor-mobile-align-center elementor-tablet-align-center elementor-invisible elementor-widget elementor-widget-button\" data-id=\"fc978bb\" data-element_type=\"widget\" data-e-type=\"widget\" data-settings=\"{&quot;_animation&quot;:&quot;fadeInUp&quot;,&quot;_animation_delay&quot;:500}\" data-widget_type=\"button.default\">\n\t\t\t\t<div class=\"elementor-widget-container\">\n\t\t\t\t\t\t\t\t\t<div class=\"elementor-button-wrapper\">\n\t\t\t\t\t<a class=\"elementor-button elementor-button-link elementor-size-sm\" href=\"https:\/\/logistic-tour.com\/\">\n\t\t\t\t\t\t<span class=\"elementor-button-content-wrapper\">\n\t\t\t\t\t\t\t\t\t<span class=\"elementor-button-text\">En savoir plus<\/span>\n\t\t\t\t\t<\/span>\n\t\t\t\t\t<\/a>\n\t\t\t\t<\/div>\n\t\t\t\t\t\t\t\t<\/div>\n\t\t\t\t<\/div>\n\t\t\t\t\t<\/div>\n\t\t<\/div>\n\t\t\t\t\t<\/div>\n\t\t<\/section>\n\t\t\t\t<section class=\"elementor-section elementor-top-section elementor-element elementor-element-4e049bb elementor-section-boxed elementor-section-height-default elementor-section-height-default wpr-particle-no wpr-jarallax-no wpr-parallax-no wpr-sticky-section-no\" data-id=\"4e049bb\" data-element_type=\"section\" data-e-type=\"section\">\n\t\t\t\t\t\t<div class=\"elementor-container elementor-column-gap-default\">\n\t\t\t\t\t<div class=\"elementor-column elementor-col-100 elementor-top-column elementor-element elementor-element-93d676f\" data-id=\"93d676f\" data-element_type=\"column\" data-e-type=\"column\">\n\t\t\t<div class=\"elementor-widget-wrap elementor-element-populated\">\n\t\t\t\t\t\t<div class=\"elementor-element elementor-element-3fb3cff elementor-widget elementor-widget-spacer\" data-id=\"3fb3cff\" data-element_type=\"widget\" data-e-type=\"widget\" data-widget_type=\"spacer.default\">\n\t\t\t\t<div class=\"elementor-widget-container\">\n\t\t\t\t\t\t\t<div class=\"elementor-spacer\">\n\t\t\t<div class=\"elementor-spacer-inner\"><\/div>\n\t\t<\/div>\n\t\t\t\t\t\t<\/div>\n\t\t\t\t<\/div>\n\t\t\t\t\t<\/div>\n\t\t<\/div>\n\t\t\t\t\t<\/div>\n\t\t<\/section>\n\t\t\t\t<\/div>\n\t\t","protected":false},"excerpt":{"rendered":"<p>Mentions l\u00e9gales Propri\u00e9taire P\u00f4le d\u2019excellence Euralogistic \/ CCI Artois Hauts-de-FranceCampus EuralogisticPlate-forme multimodale Delta 3622 Rue des Hauts-de-France62110 H\u00e9nin-Beaumont \u2014 France T\u00e9l\u00e9phone +(33) 3 21 74 16 12 Informations l\u00e9gales Responsable du contenu : Laurent Desprez\u00a0\u2014\u00a0l.desprez@euralogistic.comResponsable technique : Jenny Szoltys \u2014 contact@euralogistic.com H\u00e9bergeur CCI de R\u00e9gion des Hauts-de-France299 Boulevard de Leeds \u2014 CS 9002859031 Lille CedexT\u00e9l\u00e9phone 03 20 63 79 79 Politique de confidentialit\u00e9 La protection de la vie priv\u00e9e requiert une vigilance accrue. C\u2019est pourquoi, nous nous engageons \u00e0 respecter la confidentialit\u00e9 des renseignements collect\u00e9s. Nous collectons les renseignements suivants pour confirmer votre venue au Logistic&rsquo;Tour ou vous informer sur le parcours : Pr\u00e9nom Nom Adresse \u00e9lectronique Num\u00e9ro de t\u00e9l\u00e9phone \u00a0 Les informations collect\u00e9es sont recueillies au travers le formulaire de r\u00e9servation et via votre interactivit\u00e9 \u00e9tablie avec le site Web. Nous utilisons en compl\u00e9ments des cookies pour r\u00e9unir des informations vous concernant. Cookies Nous recueillons certaines informations par le biais des cookies pour conna\u00eetre les \u00e9l\u00e9ments suivants : Adresse IP Syst\u00e8me d\u2019exploitation Pages visit\u00e9es et requ\u00eates Heure et jour de connexion Dur\u00e9e des pages consult\u00e9es \u00a0L&rsquo;objectif est de comprendre la mani\u00e8re dont vous naviguez sur le site Web via l&rsquo;analyse des statistiques et vous contacter pour la r\u00e9servation.\u00a0\u00a0Nous nous engageons \u00e0 respecter les dispositions l\u00e9gislatives \u00e9nonc\u00e9es dans : https:\/\/www.cnil.fr\/fr\/textes-officiels-europeens-protection-donnees\u00a0 \u00a0 D\u00e9couvrir le parcours En savoir plus<\/p>\n","protected":false},"author":1,"featured_media":0,"parent":0,"menu_order":0,"comment_status":"closed","ping_status":"closed","template":"","meta":{"footnotes":""},"class_list":["post-799","page","type-page","status-publish","hentry"],"yoast_head":"<!-- This site is optimized with the Yoast SEO plugin v27.4 - https:\/\/yoast.com\/product\/yoast-seo-wordpress\/ -->\n<title>Mentions l\u00e9gales - Logistic&#039;Tour<\/title>\n<meta name=\"description\" content=\"Retrouvez les mentions l\u00e9gales du site web Logistic&#039;tour, un espace immersif pour s&#039;initier aux m\u00e9tiers de la logistique et des transports.\" \/>\n<meta name=\"robots\" content=\"index, follow, max-snippet:-1, max-image-preview:large, max-video-preview:-1\" \/>\n<link rel=\"canonical\" href=\"https:\/\/logistic-tour.com\/index.php\/mentions-legales\/\" \/>\n<meta property=\"og:locale\" content=\"fr_FR\" \/>\n<meta property=\"og:type\" content=\"article\" \/>\n<meta property=\"og:title\" content=\"Mentions l\u00e9gales - Logistic&#039;Tour\" \/>\n<meta property=\"og:description\" content=\"Retrouvez les mentions l\u00e9gales du site web Logistic&#039;tour, un espace immersif pour s&#039;initier aux m\u00e9tiers de la logistique et des transports.\" \/>\n<meta property=\"og:url\" content=\"https:\/\/logistic-tour.com\/index.php\/mentions-legales\/\" \/>\n<meta property=\"og:site_name\" content=\"Logistic&#039;Tour\" \/>\n<meta property=\"article:modified_time\" content=\"2022-11-07T11:00:22+00:00\" \/>\n<meta name=\"twitter:card\" content=\"summary_large_image\" \/>\n<meta name=\"twitter:label1\" content=\"Dur\u00e9e de lecture estim\u00e9e\" \/>\n\t<meta name=\"twitter:data1\" content=\"2 minutes\" \/>\n<script type=\"application\/ld+json\" class=\"yoast-schema-graph\">{\"@context\":\"https:\\\/\\\/schema.org\",\"@graph\":[{\"@type\":\"WebPage\",\"@id\":\"https:\\\/\\\/logistic-tour.com\\\/index.php\\\/mentions-legales\\\/\",\"url\":\"https:\\\/\\\/logistic-tour.com\\\/index.php\\\/mentions-legales\\\/\",\"name\":\"Mentions l\u00e9gales - Logistic&#039;Tour\",\"isPartOf\":{\"@id\":\"https:\\\/\\\/logistic-tour.com\\\/#website\"},\"datePublished\":\"2022-11-07T08:38:14+00:00\",\"dateModified\":\"2022-11-07T11:00:22+00:00\",\"description\":\"Retrouvez les mentions l\u00e9gales du site web Logistic'tour, un espace immersif pour s'initier aux m\u00e9tiers de la logistique et des transports.\",\"breadcrumb\":{\"@id\":\"https:\\\/\\\/logistic-tour.com\\\/index.php\\\/mentions-legales\\\/#breadcrumb\"},\"inLanguage\":\"fr-FR\",\"potentialAction\":[{\"@type\":\"ReadAction\",\"target\":[\"https:\\\/\\\/logistic-tour.com\\\/index.php\\\/mentions-legales\\\/\"]}]},{\"@type\":\"BreadcrumbList\",\"@id\":\"https:\\\/\\\/logistic-tour.com\\\/index.php\\\/mentions-legales\\\/#breadcrumb\",\"itemListElement\":[{\"@type\":\"ListItem\",\"position\":1,\"name\":\"Accueil\",\"item\":\"https:\\\/\\\/logistic-tour.com\\\/\"},{\"@type\":\"ListItem\",\"position\":2,\"name\":\"Mentions l\u00e9gales\"}]},{\"@type\":\"WebSite\",\"@id\":\"https:\\\/\\\/logistic-tour.com\\\/#website\",\"url\":\"https:\\\/\\\/logistic-tour.com\\\/\",\"name\":\"Logistic&#039;Tour\",\"description\":\"Le parcours immersif des m\u00e9tiers de la logistique et des transports\",\"publisher\":{\"@id\":\"https:\\\/\\\/logistic-tour.com\\\/#organization\"},\"potentialAction\":[{\"@type\":\"SearchAction\",\"target\":{\"@type\":\"EntryPoint\",\"urlTemplate\":\"https:\\\/\\\/logistic-tour.com\\\/?s={search_term_string}\"},\"query-input\":{\"@type\":\"PropertyValueSpecification\",\"valueRequired\":true,\"valueName\":\"search_term_string\"}}],\"inLanguage\":\"fr-FR\"},{\"@type\":\"Organization\",\"@id\":\"https:\\\/\\\/logistic-tour.com\\\/#organization\",\"name\":\"Logistic&#039;Tour\",\"url\":\"https:\\\/\\\/logistic-tour.com\\\/\",\"logo\":{\"@type\":\"ImageObject\",\"inLanguage\":\"fr-FR\",\"@id\":\"https:\\\/\\\/logistic-tour.com\\\/#\\\/schema\\\/logo\\\/image\\\/\",\"url\":\"https:\\\/\\\/logistic-tour.com\\\/wp-content\\\/uploads\\\/2022\\\/10\\\/Logistic-Tour.png\",\"contentUrl\":\"https:\\\/\\\/logistic-tour.com\\\/wp-content\\\/uploads\\\/2022\\\/10\\\/Logistic-Tour.png\",\"width\":426,\"height\":437,\"caption\":\"Logistic&#039;Tour\"},\"image\":{\"@id\":\"https:\\\/\\\/logistic-tour.com\\\/#\\\/schema\\\/logo\\\/image\\\/\"}}]}<\/script>\n<!-- \/ Yoast SEO plugin. -->","yoast_head_json":{"title":"Mentions l\u00e9gales - Logistic&#039;Tour","description":"Retrouvez les mentions l\u00e9gales du site web Logistic'tour, un espace immersif pour s'initier aux m\u00e9tiers de la logistique et des transports.","robots":{"index":"index","follow":"follow","max-snippet":"max-snippet:-1","max-image-preview":"max-image-preview:large","max-video-preview":"max-video-preview:-1"},"canonical":"https:\/\/logistic-tour.com\/index.php\/mentions-legales\/","og_locale":"fr_FR","og_type":"article","og_title":"Mentions l\u00e9gales - Logistic&#039;Tour","og_description":"Retrouvez les mentions l\u00e9gales du site web Logistic'tour, un espace immersif pour s'initier aux m\u00e9tiers de la logistique et des transports.","og_url":"https:\/\/logistic-tour.com\/index.php\/mentions-legales\/","og_site_name":"Logistic&#039;Tour","article_modified_time":"2022-11-07T11:00:22+00:00","twitter_card":"summary_large_image","twitter_misc":{"Dur\u00e9e de lecture estim\u00e9e":"2 minutes"},"schema":{"@context":"https:\/\/schema.org","@graph":[{"@type":"WebPage","@id":"https:\/\/logistic-tour.com\/index.php\/mentions-legales\/","url":"https:\/\/logistic-tour.com\/index.php\/mentions-legales\/","name":"Mentions l\u00e9gales - Logistic&#039;Tour","isPartOf":{"@id":"https:\/\/logistic-tour.com\/#website"},"datePublished":"2022-11-07T08:38:14+00:00","dateModified":"2022-11-07T11:00:22+00:00","description":"Retrouvez les mentions l\u00e9gales du site web Logistic'tour, un espace immersif pour s'initier aux m\u00e9tiers de la logistique et des transports.","breadcrumb":{"@id":"https:\/\/logistic-tour.com\/index.php\/mentions-legales\/#breadcrumb"},"inLanguage":"fr-FR","potentialAction":[{"@type":"ReadAction","target":["https:\/\/logistic-tour.com\/index.php\/mentions-legales\/"]}]},{"@type":"BreadcrumbList","@id":"https:\/\/logistic-tour.com\/index.php\/mentions-legales\/#breadcrumb","itemListElement":[{"@type":"ListItem","position":1,"name":"Accueil","item":"https:\/\/logistic-tour.com\/"},{"@type":"ListItem","position":2,"name":"Mentions l\u00e9gales"}]},{"@type":"WebSite","@id":"https:\/\/logistic-tour.com\/#website","url":"https:\/\/logistic-tour.com\/","name":"Logistic&#039;Tour","description":"Le parcours immersif des m\u00e9tiers de la logistique et des transports","publisher":{"@id":"https:\/\/logistic-tour.com\/#organization"},"potentialAction":[{"@type":"SearchAction","target":{"@type":"EntryPoint","urlTemplate":"https:\/\/logistic-tour.com\/?s={search_term_string}"},"query-input":{"@type":"PropertyValueSpecification","valueRequired":true,"valueName":"search_term_string"}}],"inLanguage":"fr-FR"},{"@type":"Organization","@id":"https:\/\/logistic-tour.com\/#organization","name":"Logistic&#039;Tour","url":"https:\/\/logistic-tour.com\/","logo":{"@type":"ImageObject","inLanguage":"fr-FR","@id":"https:\/\/logistic-tour.com\/#\/schema\/logo\/image\/","url":"https:\/\/logistic-tour.com\/wp-content\/uploads\/2022\/10\/Logistic-Tour.png","contentUrl":"https:\/\/logistic-tour.com\/wp-content\/uploads\/2022\/10\/Logistic-Tour.png","width":426,"height":437,"caption":"Logistic&#039;Tour"},"image":{"@id":"https:\/\/logistic-tour.com\/#\/schema\/logo\/image\/"}}]}},"_links":{"self":[{"href":"https:\/\/logistic-tour.com\/index.php\/wp-json\/wp\/v2\/pages\/799","targetHints":{"allow":["GET"]}}],"collection":[{"href":"https:\/\/logistic-tour.com\/index.php\/wp-json\/wp\/v2\/pages"}],"about":[{"href":"https:\/\/logistic-tour.com\/index.php\/wp-json\/wp\/v2\/types\/page"}],"author":[{"embeddable":true,"href":"https:\/\/logistic-tour.com\/index.php\/wp-json\/wp\/v2\/users\/1"}],"replies":[{"embeddable":true,"href":"https:\/\/logistic-tour.com\/index.php\/wp-json\/wp\/v2\/comments?post=799"}],"version-history":[{"count":17,"href":"https:\/\/logistic-tour.com\/index.php\/wp-json\/wp\/v2\/pages\/799\/revisions"}],"predecessor-version":[{"id":856,"href":"https:\/\/logistic-tour.com\/index.php\/wp-json\/wp\/v2\/pages\/799\/revisions\/856"}],"wp:attachment":[{"href":"https:\/\/logistic-tour.com\/index.php\/wp-json\/wp\/v2\/media?parent=799"}],"curies":[{"name":"wp","href":"https:\/\/api.w.org\/{rel}","templated":true}]}}